{"id":857,"date":"2017-12-03T13:43:33","date_gmt":"2017-12-03T11:43:33","guid":{"rendered":"http:\/\/www.fafvana.com.tr\/sp\/?page_id=857"},"modified":"2019-02-28T15:14:31","modified_gmt":"2019-02-28T12:14:31","slug":"6200-elastomer-baskili-f5-sfero-dokum","status":"publish","type":"page","link":"http:\/\/www.fafvana.com.tr\/sp\/6200-elastomer-baskili-f5-sfero-dokum\/","title":{"rendered":"6200 \/ RESILIENT SEATED GATE VALVE"},"content":{"rendered":"<section class=\"kc-elm kc-css-684872 kc_row\"><div class=\"kc-row-container  kc-container\"><div class=\"kc-wrap-columns\"><div class=\"kc-elm kc-css-511611 kc_col-sm-12 kc_column kc_col-sm-12\"><div class=\"kc-col-container\"><div class=\"kc-elm kc-css-540826 kc_row kc_row_inner\"><div class=\"kc-elm kc-css-56192 kc_col-sm-12 kc_column_inner kc_col-sm-12\"><div class=\"kc_wrapper kc-col-inner-container\"><div class=\"kc-elm kc-css-707700 kc_text_block\"><\/p>\n<p>\n6200 \/ RESILIENT SEATED GATE VALVE<\/p>\n<p>\n<\/div><div class=\"kc-elm kc-css-6270 kc_row kc_row_inner\"><div class=\"kc-elm kc-css-974107 kc_col-sm-6 kc_column_inner kc_col-sm-6\"><div class=\"kc_wrapper kc-col-inner-container\"><div class=\"kc-elm kc-css-962633 kc_shortcode kc_single_image\">\n\n        <img src=\"http:\/\/www.fafvana.com.tr\/sp\/wp-content\/uploads\/2019\/02\/6200_f5-s\u00fcrg\u00fcl\u00fc.png\" class=\"\" alt=\"\" \/>    <\/div>\n<\/div><\/div><div class=\"kc-elm kc-css-411337 kc_col-sm-6 kc_column_inner kc_col-sm-6\"><div class=\"kc_wrapper kc-col-inner-container\"><div class=\"kc-elm kc-css-97077 kc_text_block tablonoborder\"><\/p>\n<table style=\"border: none;\" width=\"416\">\n<tbody>\n<tr>\n<td style=\"color: #004e95; background-color: #e1f4fd;\" colspan=\"2\"><b>PRODUCTION STANDARDS<\/b><\/td>\n<\/tr>\n<tr style=\"background-color: #ededee;\">\n<td colspan=\"2\"><strong>DN40 \u2192 DN800<\/strong><br \/>\n<strong>PN 10-16<\/strong><\/td>\n<\/tr>\n<tr>\n<td style=\"border-bottom: 1px solid #000 !important;\" width=\"152\"><strong>Design<\/strong><\/td>\n<td style=\"border-bottom: 1px solid #000 !important;\" width=\"248\">EN 1171 \/ EN 1074<\/td>\n<\/tr>\n<tr>\n<td style=\"border-bottom: 1px solid #000 !important;\"><strong>Connection<\/strong><\/td>\n<td style=\"border-bottom: 1px solid #000 !important;\">EN 1092-2 \/ ISO 7005-2 &#8211; Flanged<\/td>\n<\/tr>\n<tr>\n<td style=\"border-bottom: 1px solid #000 !important;\"><strong>Face to Face<\/strong><\/td>\n<td style=\"border-bottom: 1px solid #000 !important;\">EN 558 Series 15 \/ DIN 3202 F5<\/td>\n<\/tr>\n<tr>\n<td style=\"border-bottom: 1px solid #000 !important;\"><strong>Marking<\/strong><\/td>\n<td style=\"border-bottom: 1px solid #000 !important;\">EN 19<\/td>\n<\/tr>\n<tr>\n<td style=\"border-bottom: 1px solid #000 !important;\"><strong>Tests<\/strong><\/td>\n<td style=\"border-bottom: 1px solid #000 !important;\">EN 12266-1<\/td>\n<\/tr>\n<tr>\n<td style=\"border-bottom: 1px solid #000 !important;\"><strong>Corrosion<\/strong><br \/>\n<strong>Protection<\/strong><\/td>\n<td style=\"border-bottom: 1px solid #000 !important;\">Electrostatic Powder Epoxy<br \/>\nWRAS Approved (Optional)<\/td>\n<\/tr>\n<\/tbody>\n<\/table>\n<p>\n<\/div><\/div><\/div><\/div><\/div><\/div><\/div><div class=\"kc-elm kc-css-424068 kc_row kc_row_inner\"><div class=\"kc-elm kc-css-306723 kc_col-sm-12 kc_column_inner kc_col-sm-12\"><div class=\"kc_wrapper kc-col-inner-container\"><div class=\"kc-elm kc-css-672552 kc_text_block liste\"><\/p>\n<ul>\n<li><strong>Features<\/strong><br \/>\n100% tight sealing is achieved through EPDM covered wedge fully contacting the fusion bonded epoxy coated flow surface.<\/li>\n<li>The body and bonnet are manufactured from ductile iron castings. It is resistant to high tensile stress occurring in pipelines.<\/li>\n<li>Low operating torque due to plastic sliding guides on the wedge<\/li>\n<li>Maintenance-free and corrosion-resistant stem sealing.<\/li>\n<li>With O-ring sealing.<\/li>\n<li>Up to DN 300 (inclusive) sizes are supplied with hand wheel as default DN 350 (inclusive) and above can be supplied with gear box as optional.<\/li>\n<li>Large conical stem hole in the wedge prevents stagnant water.<\/li>\n<li>Wedge and body guide rails ensure stable operation.<\/li>\n<li>Stainless steel stem with rolled threads for high strength &#038; low operation torque.<\/li>\n<li>Inner and outer surfaces are coated with minimum 250 microns fusion bonded epoxy. 300 microns is available.<\/li>\n<li>Suitable to use with aboveground and underground applications. Can be operated with actuator, gearbox, handwheel and extension spindle.<\/li>\n<li>The top of the shaft bearing and shaft nuts are made of MS58 brass. High precision machining enables low operation torques.<\/li>\n<li>Full bore characteristics without distruption of flow results in low pressure drops across the valve.<\/li>\n<\/ul>\n<p><strong>Temperature<\/strong><br \/>\n+130 \u00b0C (EPDM)<\/p>\n<p><strong>Scope of Application<\/strong><\/p>\n<p>Pipelines<\/p>\n<ul>\n<li>Water treatment plants<\/li>\n<li>Pumping stations<\/li>\n<li>Tanks<\/li>\n<li>Seawater applications<\/li>\n<li>Power plants (cooling water pipelines)<\/li>\n<li>Industry<\/li>\n<\/ul>\n<p>\n<\/div>\n<div class=\"kc-elm kc-css-640893\">\n\t<a class=\"kc_button\" href=\"http:\/\/www.fafvana.com.tr\/sp\/wp-content\/uploads\/2023\/01\/FAF_6200.pdf\" target=\"_self\" title=\"\" onclick=\"\">\n\t\te-Catalogue <i class=\"fa-download\"><\/i>\t<\/a>\n<\/div>\n<div class=\"kc-elm kc-css-501937\" style=\"height: 20px; clear: both; width:100%;\"><\/div><\/div><\/div><\/div><\/div><\/div><\/div><\/div><\/section>\n","protected":false},"excerpt":{"rendered":"","protected":false},"author":4,"featured_media":0,"parent":0,"menu_order":0,"comment_status":"closed","ping_status":"closed","template":"","meta":{"footnotes":""},"aioseo_notices":[],"_links":{"self":[{"href":"http:\/\/www.fafvana.com.tr\/sp\/wp-json\/wp\/v2\/pages\/857"}],"collection":[{"href":"http:\/\/www.fafvana.com.tr\/sp\/wp-json\/wp\/v2\/pages"}],"about":[{"href":"http:\/\/www.fafvana.com.tr\/sp\/wp-json\/wp\/v2\/types\/page"}],"author":[{"embeddable":true,"href":"http:\/\/www.fafvana.com.tr\/sp\/wp-json\/wp\/v2\/users\/4"}],"replies":[{"embeddable":true,"href":"http:\/\/www.fafvana.com.tr\/sp\/wp-json\/wp\/v2\/comments?post=857"}],"version-history":[{"count":18,"href":"http:\/\/www.fafvana.com.tr\/sp\/wp-json\/wp\/v2\/pages\/857\/revisions"}],"predecessor-version":[{"id":4068,"href":"http:\/\/www.fafvana.com.tr\/sp\/wp-json\/wp\/v2\/pages\/857\/revisions\/4068"}],"wp:attachment":[{"href":"http:\/\/www.fafvana.com.tr\/sp\/wp-json\/wp\/v2\/media?parent=857"}],"curies":[{"name":"wp","href":"https:\/\/api.w.org\/{rel}","templated":true}]}}