{"id":1196,"date":"2017-12-03T20:42:34","date_gmt":"2017-12-03T18:42:34","guid":{"rendered":"http:\/\/www.fafvana.com.tr\/sp\/?page_id=1196"},"modified":"2023-06-16T15:13:21","modified_gmt":"2023-06-16T12:13:21","slug":"pirinc-kuresel-vana","status":"publish","type":"page","link":"https:\/\/www.fafvana.com.tr\/sp\/pirinc-kuresel-vana\/","title":{"rendered":"P\u0130R\u0130N\u00c7 K\u00dcRESEL VANA"},"content":{"rendered":"<section class=\"kc-elm kc-css-284099 kc_row\"><div class=\"kc-row-container  kc-container\"><div class=\"kc-wrap-columns\"><div class=\"kc-elm kc-css-739016 kc_col-sm-12 kc_column kc_col-sm-12\"><div class=\"kc-col-container\"><div class=\"kc-elm kc-css-864597 kc_row kc_row_inner\"><div class=\"kc-elm kc-css-523653 kc_col-sm-12 kc_column_inner kc_col-sm-12\"><div class=\"kc_wrapper kc-col-inner-container\"><\/div><\/div><\/div><div class=\"kc-elm kc-css-752243 kc_row kc_row_inner\"><div class=\"kc-elm kc-css-614626 kc_col-sm-12 kc_column_inner kc_col-sm-12\"><div class=\"kc_wrapper kc-col-inner-container\"><div class=\"kc-elm kc-css-593958\" style=\"height: 20px; clear: both; width:100%;\"><\/div><\/div><\/div><\/div><\/div><\/div><\/div><\/div><\/section>\n","protected":false},"excerpt":{"rendered":"","protected":false},"author":4,"featured_media":0,"parent":0,"menu_order":0,"comment_status":"closed","ping_status":"closed","template":"","meta":{"footnotes":""},"aioseo_notices":[],"_links":{"self":[{"href":"https:\/\/www.fafvana.com.tr\/sp\/wp-json\/wp\/v2\/pages\/1196"}],"collection":[{"href":"https:\/\/www.fafvana.com.tr\/sp\/wp-json\/wp\/v2\/pages"}],"about":[{"href":"https:\/\/www.fafvana.com.tr\/sp\/wp-json\/wp\/v2\/types\/page"}],"author":[{"embeddable":true,"href":"https:\/\/www.fafvana.com.tr\/sp\/wp-json\/wp\/v2\/users\/4"}],"replies":[{"embeddable":true,"href":"https:\/\/www.fafvana.com.tr\/sp\/wp-json\/wp\/v2\/comments?post=1196"}],"version-history":[{"count":9,"href":"https:\/\/www.fafvana.com.tr\/sp\/wp-json\/wp\/v2\/pages\/1196\/revisions"}],"predecessor-version":[{"id":4596,"href":"https:\/\/www.fafvana.com.tr\/sp\/wp-json\/wp\/v2\/pages\/1196\/revisions\/4596"}],"wp:attachment":[{"href":"https:\/\/www.fafvana.com.tr\/sp\/wp-json\/wp\/v2\/media?parent=1196"}],"curies":[{"name":"wp","href":"https:\/\/api.w.org\/{rel}","templated":true}]}}