{"id":269,"date":"2017-04-19T06:49:02","date_gmt":"2017-04-19T06:49:02","guid":{"rendered":"http:\/\/effortthemes.com\/wp\/tallinn\/?page_id=269"},"modified":"2023-10-02T08:31:16","modified_gmt":"2023-10-02T05:31:16","slug":"contacts","status":"publish","type":"page","link":"https:\/\/www.fafvana.com.tr\/sp\/contacts\/","title":{"rendered":"Contacto"},"content":{"rendered":"<p><section class=\"kc-elm kc-css-808763 kc_row\"><div class=\"kc-row-container  kc-container\"><div class=\"kc-wrap-columns\"><div class=\"kc-elm kc-css-662761 kc_col-sm-12 kc_column kc_col-sm-12\"><div class=\"kc-col-container\"><div class=\"kc-elm kc-css-286535 kc_row kc_row_inner\"><div class=\"kc-elm kc-css-486892 kc_col-sm-12 kc_column_inner kc_col-sm-12\"><div class=\"kc_wrapper kc-col-inner-container\"><div class=\"kc-elm kc-css-592848\" style=\"height: 83px; clear: both; width:100%;\"><\/div><div class=\"kc-elm kc-css-950920 kc_text_block\"><\/p>\n<h3><b>\u00a0 \u00a0 CONTACT US<\/b><\/h3>\n<div><strong>\u00a0<\/strong><\/div>\n<p>\n<\/div><\/div><\/div><\/div><\/div><\/div><\/div><\/div><\/section><section class=\"kc-elm kc-css-811076 kc_row\"><div class=\"kc-row-container  kc-container\"><div class=\"kc-wrap-columns\"><div class=\"kc-elm kc-css-505902 kc_col-sm-12 kc_column kc_col-sm-12\"><div class=\"kc-col-container\"><div class=\"kc-elm kc-css-770198 kc_row kc_row_inner\"><div class=\"kc-elm kc-css-21168 kc_col-sm-3 kc_column_inner kc_col-sm-3\"><div class=\"kc_wrapper kc-col-inner-container\"><div class=\"kc-elm kc-css-280229 kc_text_block\"><\/p>\n<h4><span style=\"color: #000000;\"><strong>F\u00e1brica<\/strong><\/span><\/h4>\n<p>Kazan Sanayi B\u00f6lgesi Fatih Mahallesi<br \/>Serdaro\u011flu Sokak No: 4 Pk: 06980<br \/>Kazan &#8211; ANKARA<br \/><strong>Phone:<\/strong> +90 (312) 814 51 00<br \/><strong>Fax :<\/strong> +90 (312) 814 50 99<br \/><strong>E-mail :<\/strong>\u00a0export@fafvalve.com<\/p>\n<p>\n<\/div><div class=\"kc-elm kc-css-999801\" style=\"height: 20px; clear: both; width:100%;\"><\/div><div class=\"kc-elm kc-css-353088 kc_text_block\"><\/p>\n<h4><span style=\"color: #000000;\"><b>Fundici\u00f3n<\/b><\/span><\/h4>\n<p>Ba\u015fkent OSB Mal\u0131k\u00f6y Mahallesi<br \/>47. Cadde No: 5 Pk: 06909<br \/>Sincan- ANKARA<br \/><b>Phone<\/b><strong>:<\/strong> +90 (312) 504 53 58<br \/><strong>Fax :<\/strong> +90 (312) 504 53 89<br \/><strong>E-mail :<\/strong> info@fafdokum.com.tr<\/p>\n<p>\n<\/div><\/div><\/div><div class=\"kc-elm kc-css-237376 kc_col-sm-3 kc_column_inner kc_col-sm-3\"><div class=\"kc_wrapper kc-col-inner-container\"><div class=\"kc-elm kc-css-288798 kc_text_block\"><\/p>\n<h4><span style=\"color: #000000;\"><strong>Oficina central de Ankara<\/strong><\/span><\/h4>\n<h4><span style=\"color: #000000;\"><strong>(Departamento de Exportaci\u00f3n)<\/strong><\/span><\/h4>\n<p>Meri\u00e7 Sokak B Blok No: 5\/9<br \/>06560 Be\u015ftepe &#8211; ANKARA<br \/><b>Phone<\/b><strong>:<\/strong> +90 (312) 223 47 57<br \/><strong>Fax :<\/strong> +90 (312) 222 03 00<br \/><strong>E-mail :<\/strong>export@fafvalve.com<\/p>\n<p>\n<\/div><div class=\"kc-elm kc-css-598929\" style=\"height: 20px; clear: both; width:100%;\"><\/div><div class=\"kc-elm kc-css-142706 kc_text_block\"><\/p>\n<h4><span style=\"color: #000000;\"><strong>Sucursal de Uzbekist\u00e1n<\/strong><\/span><\/h4>\n<p><strong>E-mail :<\/strong> uzbekistan@fafvalve.com<\/p>\n<p>\n<\/div><\/div><\/div><div class=\"kc-elm kc-css-820675 kc_col-sm-3 kc_column_inner kc_col-sm-3\"><div class=\"kc_wrapper kc-col-inner-container\"><div class=\"kc-elm kc-css-291004 kc_text_block\"><\/p>\n<h4><span style=\"color: #000000;\"><strong>\u00a0Sucursal de <\/strong><\/span><strong>\u0130stanbul<\/strong><\/h4>\n<h4><span style=\"color: #000000;\"><strong>\u00a0<br \/><\/strong><\/span>S\u00fcleyman Demirel Bulvar\u0131 No: 42<br \/>\u0130\u015f Modern Ticaret Merkezi 1. Etap E56<br \/>\u0130kitelli OSB &#8211; \u0130STANBUL<br \/><b>Phone<\/b><strong>:<\/strong> +90 (212) 659 46 71<br \/><strong>Fax :<\/strong> +90 (212) 659 46 73<br \/><strong>E-mail :<\/strong> istanbul@www.fafvana.com.tr<\/h4>\n<p>\n<\/div><div class=\"kc-elm kc-css-370572\" style=\"height: 30px; clear: both; width:100%;\"><\/div><div class=\"kc-elm kc-css-251755 kc_text_block\"><\/p>\n<h4><span style=\"color: #000000;\"><strong>Sucursal de Kazajst\u00e1n<\/strong><\/span><\/h4>\n<p><strong>E-mail :<\/strong> kazakhstan@fafvalve.com<\/p>\n<p>\n<\/div><\/div><\/div><div class=\"kc-elm kc-css-349393 kc_col-sm-3 kc_column_inner kc_col-sm-3\"><div class=\"kc_wrapper kc-col-inner-container\"><div class=\"kc-elm kc-css-744016 kc_text_block\"><\/p>\n<h4><span style=\"color: #000000;\"><b>\u00a0Sucursal de <\/b><\/span><b>Moscow<\/b><\/h4>\n<h4><span style=\"color: #000000;\"><b>\u00a0<\/b><\/span><\/h4>\n<p>115533, \u0433. \u041c\u043e\u0441\u043a\u0432\u0430, \u043f\u0440\u043e\u0441\u043f\u0435\u043a\u0442 \u0410\u043d\u0434\u0440\u043e\u043f\u043e\u0432\u0430, \u0434\u043e\u043c 22<\/p>\n<p><strong>Phone:<\/strong> +7 (925) 823-72-63<\/p>\n<p><strong>Phone:<\/strong> +7 (495) 720-52-94 (FAF \u043e\u0444\u0438\u0441)<\/p>\n<p><strong>E-mail:<\/strong> moscow@fafvalve.com<\/p>\n<h4><strong><span style=\"color: #000000;\">Almac\u00e9n de Mosc\u00fa<\/span><\/strong><\/h4>\n<p>115477, \u0433. \u041c\u043e\u0441\u043a\u0432\u0430, \u0414\u0435\u043b\u043e\u0432\u0430\u044f \u0443\u043b., \u0434\u043e\u043c 18, \u0441\u0442\u0440\u043e\u0435\u043d\u0438\u0435 1.<\/p>\n<p><strong>Phone:<\/strong> +7 (916) 519-22-96 (FAF Logistic)<\/p>\n<p>\n<\/div><\/div><\/div><\/div><div class=\"kc-elm kc-css-972905\" style=\"height: 57px; clear: both; width:100%;\"><\/div><\/div><\/div><\/div><\/div><\/section><section class=\"kc-elm kc-css-817794 kc_row\"><div class=\"kc-row-container  kc-container\"><div class=\"kc-wrap-columns\"><div class=\"kc-elm kc-css-519763 kc_col-sm-5 kc_column kc_col-sm-5\"><div class=\"kc-col-container\"><div class=\"kc-elm kc-css-993329 kc_row kc_row_inner\"><div class=\"kc-elm kc-css-158821 kc_col-sm-12 kc_column_inner kc_col-sm-12\"><div class=\"kc_wrapper kc-col-inner-container\"><div class=\"kc-contact-form7 kc-elm kc-css-897155\"><h2>Contact Form<\/h2><div role=\"form\" class=\"wpcf7\" id=\"wpcf7-f272-o1\" lang=\"en-US\" dir=\"ltr\">\n<div class=\"screen-reader-response\"><\/div>\n<form action=\"\/sp\/wp-json\/wp\/v2\/pages\/269#wpcf7-f272-o1\" method=\"post\" class=\"wpcf7-form\" novalidate=\"novalidate\">\n<div style=\"display: none;\">\n<input type=\"hidden\" name=\"_wpcf7\" value=\"272\" \/>\n<input type=\"hidden\" name=\"_wpcf7_version\" value=\"5.1.6\" \/>\n<input type=\"hidden\" name=\"_wpcf7_locale\" value=\"en_US\" \/>\n<input type=\"hidden\" name=\"_wpcf7_unit_tag\" value=\"wpcf7-f272-o1\" \/>\n<input type=\"hidden\" name=\"_wpcf7_container_post\" value=\"0\" \/>\n<\/div>\n<div class=\"form-group\">\n<span class=\"wpcf7-form-control-wrap text-452\"><input type=\"text\" name=\"text-452\" value=\"\" size=\"40\" class=\"wpcf7-form-control wpcf7-text wpcf7-validates-as-required\" aria-required=\"true\" aria-invalid=\"false\" placeholder=\"Ad\u0131n\u0131z Soyad\u0131n\u0131z\" \/><\/span>\n<\/div>\n<div class=\"form-group\">\n<span class=\"wpcf7-form-control-wrap email-383\"><input type=\"email\" name=\"email-383\" value=\"\" size=\"40\" class=\"wpcf7-form-control wpcf7-text wpcf7-email wpcf7-validates-as-required wpcf7-validates-as-email\" aria-required=\"true\" aria-invalid=\"false\" placeholder=\"E-Posta\" \/><\/span>\n<\/div>\n<div class=\"form-group\">\n<span class=\"wpcf7-form-control-wrap textarea-658\"><textarea name=\"textarea-658\" cols=\"40\" rows=\"10\" class=\"wpcf7-form-control wpcf7-textarea wpcf7-validates-as-required\" aria-required=\"true\" aria-invalid=\"false\" placeholder=\"Mesaj\"><\/textarea><\/span>\n<\/div>\n<div class=\"form-group\">\n<input type=\"submit\" value=\"G\u00f6nder\" class=\"wpcf7-form-control wpcf7-submit theme-btn btn-style-one\" \/>\n<\/div>\n<div class=\"wpcf7-response-output wpcf7-display-none\"><\/div><\/form><\/div><\/div><\/div><\/div><\/div><\/div><\/div><div class=\"kc-elm kc-css-384776 kc_col-sm-1 kc_column kc_col-sm-1\"><div class=\"kc-col-container\"><div class=\"kc-elm kc-css-297654\" style=\"height: 0px; clear: both; width:100%;\"><\/div><\/div><\/div><div class=\"kc-elm kc-css-414920 kc_col-sm-6 kc_column kc_col-sm-6\"><div class=\"kc-col-container\"><div class=\"kc-elm kc-css-655444 kc_row kc_row_inner\"><div class=\"kc-elm kc-css-994803 kc_col-sm-12 kc_column_inner kc_col-sm-12\"><div class=\"kc_wrapper kc-col-inner-container\"><div class=\"kc-elm kc-css-332799 kc_text_block\"><\/p>\n<p>\n<iframe loading=\"lazy\" style=\"border: 0;\" src=\"https:\/\/www.google.com\/maps\/embed?pb=!1m18!1m12!1m3!1d3059.567206211094!2d32.814281615764166!3d39.92870057942481!2m3!1f0!2f0!3f0!3m2!1i1024!2i768!4f13.1!3m3!1m2!1s0x14d338bc566fdf8d%3A0x216c999b35ce1ec4!2sFaf+Vana!5e0!3m2!1str!2str!4v1512399663724\" width=\"600\" height=\"450\" frameborder=\"0\" allowfullscreen=\"allowfullscreen\"><\/iframe><\/p>\n<p>\n<\/div><\/div><\/div><\/div><\/div><\/div><\/div><\/div><\/section><section class=\"kc-elm kc-css-368326 kc_row\"><div class=\"kc-row-container\"><div class=\"kc-wrap-columns\"><div class=\"kc-elm kc-css-497771 kc_col-sm-12 kc_column kc_col-sm-12\"><div class=\"kc-col-container\"><div class=\"kc-elm kc-css-662070\" style=\"height: 277px; clear: both; width:100%;\"><\/div><\/div><\/div><\/div><\/div><\/section><\/p>\n","protected":false},"excerpt":{"rendered":"","protected":false},"author":4,"featured_media":0,"parent":0,"menu_order":0,"comment_status":"closed","ping_status":"closed","template":"tpl-king_composer.php","meta":{"footnotes":""},"aioseo_notices":[],"_links":{"self":[{"href":"https:\/\/www.fafvana.com.tr\/sp\/wp-json\/wp\/v2\/pages\/269"}],"collection":[{"href":"https:\/\/www.fafvana.com.tr\/sp\/wp-json\/wp\/v2\/pages"}],"about":[{"href":"https:\/\/www.fafvana.com.tr\/sp\/wp-json\/wp\/v2\/types\/page"}],"author":[{"embeddable":true,"href":"https:\/\/www.fafvana.com.tr\/sp\/wp-json\/wp\/v2\/users\/4"}],"replies":[{"embeddable":true,"href":"https:\/\/www.fafvana.com.tr\/sp\/wp-json\/wp\/v2\/comments?post=269"}],"version-history":[{"count":155,"href":"https:\/\/www.fafvana.com.tr\/sp\/wp-json\/wp\/v2\/pages\/269\/revisions"}],"predecessor-version":[{"id":4230,"href":"https:\/\/www.fafvana.com.tr\/sp\/wp-json\/wp\/v2\/pages\/269\/revisions\/4230"}],"wp:attachment":[{"href":"https:\/\/www.fafvana.com.tr\/sp\/wp-json\/wp\/v2\/media?parent=269"}],"curies":[{"name":"wp","href":"https:\/\/api.w.org\/{rel}","templated":true}]}}