{"id":2839,"date":"2017-12-21T14:09:52","date_gmt":"2017-12-21T12:09:52","guid":{"rendered":"http:\/\/www.fafvana.com.tr\/sp\/?page_id=2839"},"modified":"2023-04-28T10:15:27","modified_gmt":"2023-04-28T07:15:27","slug":"company-events","status":"publish","type":"page","link":"https:\/\/www.fafvana.com.tr\/sp\/company-events\/","title":{"rendered":"COMPANY EVENTS"},"content":{"rendered":"<section class=\"kc-elm kc-css-831333 kc_row\"><div class=\"kc-row-container  kc-container\"><div class=\"kc-wrap-columns\"><div class=\"kc-elm kc-css-769310 kc_col-sm-12 kc_column kc_col-sm-12\"><div class=\"kc-col-container\"><div class=\"kc-elm kc-css-149951\" style=\"height: 79px; clear: both; width:100%;\"><\/div>\n<div class=\"kc-elm kc-css-862182 kc-blog-posts kc-blog-posts-2 kc-image-align-left\">\n\t\n\t\t\n\t\t\t\t<div class=\"kc-list-item-2\">\n\n\t\t\t\t\t\t\t\t\t\t\t\t\t\t\t\t\t\t<div class=\"post-item-left\">\n\t\t\t\t\t\t\t\t<figure>\n\t\t\t\t\t\t\t\t\t<img src=\"https:\/\/www.fafvana.com.tr\/sp\/wp-content\/uploads\/2018\/12\/valve-world-kapak.png\"\n\t\t\t\t\t\t\t\t\t     alt=\"VALVE WORLD EXPO D\u00dcSSELDORF GERMANY 2018\">\n\t\t\t\t\t\t\t\t<\/figure>\n\t\t\t\t\t\t\t<\/div>\n\t\t\t\t\t\t\t\t\t\t\t\t<div class=\"post-item-right\">\n\t\t\t\t\t\t\t<div class=\"post_details\">\n\t\t\t\t\t\t\t\t<h2 class=\"post-title-alt\"><a\n\t\t\t\t\t\t\t\t\t\thref=\"https:\/\/www.fafvana.com.tr\/sp\/valve-world-expo-dusseldorf-germany-2018\/\"\n\t\t\t\t\t\t\t\t\t\ttitle=\"VALVE WORLD EXPO D\u00dcSSELDORF GERMANY 2018\">VALVE WORLD EXPO D\u00dcSSELDORF GERMANY 2018<\/a>\n\t\t\t\t\t\t\t\t<\/h2>\n\n\t\t\t\t\t\t\t\t\t\t\t\t\t\t\t\t\t<div class=\"post-meta\">\n\t\t\t\t\t\t\t\t\t\t\t\t\t\t\t\t\t\t\t\t\t\t\t\t\t\t\t\t\t\t\t<span class=\"post-date\"><i class=\"fa fa-clock-o\"><\/i> <a\n\t\t\t\t\t\t\t\t\t\t\t\thref=\"https:\/\/www.fafvana.com.tr\/sp\/2018\/12\/\">Aral\u0131k 6 2018<\/a> <\/span>\n\t\t\t\t\t\t\t\t\t\t\t\t\t\t\t\t\t\t\t\t\t\t\t\t\t\t\t\t\t\t\t\t\t\t\t\t\t\t\t\t\t\t\t<span class=\"post-cats\"><i class=\"fa fa-folder-o\"\n\t\t\t\t\t\t\t\t\t\t\t\t                           aria-hidden=\"true\"><\/i> <a href=\"https:\/\/www.fafvana.com.tr\/sp\/category\/company-events\/\" rel=\"category tag\">COMPANY EVENTS<\/a>, <a href=\"https:\/\/www.fafvana.com.tr\/sp\/category\/fairs\/\" rel=\"category tag\">FAIRS<\/a>, <a href=\"https:\/\/www.fafvana.com.tr\/sp\/category\/news\/\" rel=\"category tag\">NEWS<\/a><\/span>\n\t\t\t\t\t\t\t\t\t\t\t\t\t\t\t\t\t\t\t\t\t\t\t\t\t\t\t\t\t\t<\/div>\n\t\t\t\t\t\t\t\t\t\t\t\t\t\t\t<\/div>\n\t\t\t\t\t\t\t\t\t\t\t\t\t\t\t<p>&nbsp; We would like to thank you all for taking time to visit our booth at ValveWorld 2018, held at&hellip;<\/p>\n\t\t\t\t\t\t\t\t\t\t\t\t\t\t<a href=\"https:\/\/www.fafvana.com.tr\/sp\/valve-world-expo-dusseldorf-germany-2018\/\"\n\t\t\t\t\t\t\t   class=\"kc-post-2-button\">Read more <i\n\t\t\t\t\t\t\t\t\tclass=\"fa fa-angle-right\" aria-hidden=\"true\"><\/i><\/a>\n\t\t\t\t\t\t\t\t\t\t\t\t\t<\/div>\n\n\t\t\t\t\t\n\t\t\t\t<\/div>\n\n\t\t\t\t\n\t\t\t\t<div class=\"kc-list-item-2\">\n\n\t\t\t\t\t\t\t\t\t\t\t\t\t\t\t\t\t\t<div class=\"post-item-left\">\n\t\t\t\t\t\t\t\t<figure>\n\t\t\t\t\t\t\t\t\t<img src=\"https:\/\/www.fafvana.com.tr\/sp\/wp-content\/uploads\/2018\/03\/fafvana-mce-italya-2018.jpg\"\n\t\t\t\t\t\t\t\t\t     alt=\"MOSTRA CONVEGNO EXPO 2018 Milano\">\n\t\t\t\t\t\t\t\t<\/figure>\n\t\t\t\t\t\t\t<\/div>\n\t\t\t\t\t\t\t\t\t\t\t\t<div class=\"post-item-right\">\n\t\t\t\t\t\t\t<div class=\"post_details\">\n\t\t\t\t\t\t\t\t<h2 class=\"post-title-alt\"><a\n\t\t\t\t\t\t\t\t\t\thref=\"https:\/\/www.fafvana.com.tr\/sp\/mostra-convegno-expo-2018-milano-italy\/\"\n\t\t\t\t\t\t\t\t\t\ttitle=\"MOSTRA CONVEGNO EXPO 2018 Milano\">MOSTRA CONVEGNO EXPO 2018 Milano<\/a>\n\t\t\t\t\t\t\t\t<\/h2>\n\n\t\t\t\t\t\t\t\t\t\t\t\t\t\t\t\t\t<div class=\"post-meta\">\n\t\t\t\t\t\t\t\t\t\t\t\t\t\t\t\t\t\t\t\t\t\t\t\t\t\t\t\t\t\t\t<span class=\"post-date\"><i class=\"fa fa-clock-o\"><\/i> <a\n\t\t\t\t\t\t\t\t\t\t\t\thref=\"https:\/\/www.fafvana.com.tr\/sp\/2018\/03\/\">Mart 20 2018<\/a> <\/span>\n\t\t\t\t\t\t\t\t\t\t\t\t\t\t\t\t\t\t\t\t\t\t\t\t\t\t\t\t\t\t\t\t\t\t\t\t\t\t\t\t\t\t\t<span class=\"post-cats\"><i class=\"fa fa-folder-o\"\n\t\t\t\t\t\t\t\t\t\t\t\t                           aria-hidden=\"true\"><\/i> <a href=\"https:\/\/www.fafvana.com.tr\/sp\/category\/company-events\/\" rel=\"category tag\">COMPANY EVENTS<\/a>, <a href=\"https:\/\/www.fafvana.com.tr\/sp\/category\/general\/\" rel=\"category tag\">GENERAL NEWS<\/a><\/span>\n\t\t\t\t\t\t\t\t\t\t\t\t\t\t\t\t\t\t\t\t\t\t\t\t\t\t\t\t\t\t<\/div>\n\t\t\t\t\t\t\t\t\t\t\t\t\t\t\t<\/div>\n\t\t\t\t\t\t\t\t\t\t\t\t\t\t\t<p>We would like to thank all our stand visitors for taking their time to visit our stand during Mostra Convegno&hellip;<\/p>\n\t\t\t\t\t\t\t\t\t\t\t\t\t\t<a href=\"https:\/\/www.fafvana.com.tr\/sp\/mostra-convegno-expo-2018-milano-italy\/\"\n\t\t\t\t\t\t\t   class=\"kc-post-2-button\">Read more <i\n\t\t\t\t\t\t\t\t\tclass=\"fa fa-angle-right\" aria-hidden=\"true\"><\/i><\/a>\n\t\t\t\t\t\t\t\t\t\t\t\t\t<\/div>\n\n\t\t\t\t\t\n\t\t\t\t<\/div>\n\n\t\t\t\t\n\t\t\t\t<div class=\"kc-list-item-2\">\n\n\t\t\t\t\t\t\t\t\t\t\t\t\t\t\t\t\t\t<div class=\"post-item-left\">\n\t\t\t\t\t\t\t\t<figure>\n\t\t\t\t\t\t\t\t\t<img src=\"https:\/\/www.fafvana.com.tr\/sp\/wp-content\/uploads\/2017\/12\/798357.jpg\"\n\t\t\t\t\t\t\t\t\t     alt=\"FAF VANA HATIRA ORMANI\">\n\t\t\t\t\t\t\t\t<\/figure>\n\t\t\t\t\t\t\t<\/div>\n\t\t\t\t\t\t\t\t\t\t\t\t<div class=\"post-item-right\">\n\t\t\t\t\t\t\t<div class=\"post_details\">\n\t\t\t\t\t\t\t\t<h2 class=\"post-title-alt\"><a\n\t\t\t\t\t\t\t\t\t\thref=\"https:\/\/www.fafvana.com.tr\/sp\/faf-vana-hatira-ormani\/\"\n\t\t\t\t\t\t\t\t\t\ttitle=\"FAF VANA HATIRA ORMANI\">FAF VANA HATIRA ORMANI<\/a>\n\t\t\t\t\t\t\t\t<\/h2>\n\n\t\t\t\t\t\t\t\t\t\t\t\t\t\t\t\t\t<div class=\"post-meta\">\n\t\t\t\t\t\t\t\t\t\t\t\t\t\t\t\t\t\t\t\t\t\t\t\t\t\t\t\t\t\t\t<span class=\"post-date\"><i class=\"fa fa-clock-o\"><\/i> <a\n\t\t\t\t\t\t\t\t\t\t\t\thref=\"https:\/\/www.fafvana.com.tr\/sp\/2015\/11\/\">Kas\u0131m 6 2015<\/a> <\/span>\n\t\t\t\t\t\t\t\t\t\t\t\t\t\t\t\t\t\t\t\t\t\t\t\t\t\t\t\t\t\t\t\t\t\t\t\t\t\t\t\t\t\t\t<span class=\"post-cats\"><i class=\"fa fa-folder-o\"\n\t\t\t\t\t\t\t\t\t\t\t\t                           aria-hidden=\"true\"><\/i> <a href=\"https:\/\/www.fafvana.com.tr\/sp\/category\/company-events\/\" rel=\"category tag\">COMPANY EVENTS<\/a>, <a href=\"https:\/\/www.fafvana.com.tr\/sp\/category\/news\/\" rel=\"category tag\">NEWS<\/a><\/span>\n\t\t\t\t\t\t\t\t\t\t\t\t\t\t\t\t\t\t\t\t\t\t\t\t\t\t\t\t\t\t<\/div>\n\t\t\t\t\t\t\t\t\t\t\t\t\t\t\t<\/div>\n\t\t\t\t\t\t\t\t\t\t\t\t\t\t\t<p>FAF VANA Ailesi olarak geleneksel hale getirdi\u011fimiz a\u011fa\u00e7 dikim etkinli\u011fimizi bu y\u0131l da yine bir \u015fenlik havas\u0131nda tamamlad\u0131k. Ankara \u0130li,&hellip;<\/p>\n\t\t\t\t\t\t\t\t\t\t\t\t\t\t<a href=\"https:\/\/www.fafvana.com.tr\/sp\/faf-vana-hatira-ormani\/\"\n\t\t\t\t\t\t\t   class=\"kc-post-2-button\">Read more <i\n\t\t\t\t\t\t\t\t\tclass=\"fa fa-angle-right\" aria-hidden=\"true\"><\/i><\/a>\n\t\t\t\t\t\t\t\t\t\t\t\t\t<\/div>\n\n\t\t\t\t\t\n\t\t\t\t<\/div>\n\n\t\t\t\t\n\t\n<\/div>\n<div class=\"kc-elm kc-css-702805\" style=\"height: 79px; clear: both; width:100%;\"><\/div><\/div><\/div><\/div><\/div><\/section>\n","protected":false},"excerpt":{"rendered":"","protected":false},"author":4,"featured_media":0,"parent":0,"menu_order":0,"comment_status":"closed","ping_status":"closed","template":"tpl-king_composer.php","meta":{"footnotes":""},"aioseo_notices":[],"_links":{"self":[{"href":"https:\/\/www.fafvana.com.tr\/sp\/wp-json\/wp\/v2\/pages\/2839"}],"collection":[{"href":"https:\/\/www.fafvana.com.tr\/sp\/wp-json\/wp\/v2\/pages"}],"about":[{"href":"https:\/\/www.fafvana.com.tr\/sp\/wp-json\/wp\/v2\/types\/page"}],"author":[{"embeddable":true,"href":"https:\/\/www.fafvana.com.tr\/sp\/wp-json\/wp\/v2\/users\/4"}],"replies":[{"embeddable":true,"href":"https:\/\/www.fafvana.com.tr\/sp\/wp-json\/wp\/v2\/comments?post=2839"}],"version-history":[{"count":15,"href":"https:\/\/www.fafvana.com.tr\/sp\/wp-json\/wp\/v2\/pages\/2839\/revisions"}],"predecessor-version":[{"id":4550,"href":"https:\/\/www.fafvana.com.tr\/sp\/wp-json\/wp\/v2\/pages\/2839\/revisions\/4550"}],"wp:attachment":[{"href":"https:\/\/www.fafvana.com.tr\/sp\/wp-json\/wp\/v2\/media?parent=2839"}],"curies":[{"name":"wp","href":"https:\/\/api.w.org\/{rel}","templated":true}]}}